{"id":22,"date":"2021-07-18T00:41:15","date_gmt":"2021-07-18T00:41:15","guid":{"rendered":"https:\/\/filmfrass.ch\/?page_id=22"},"modified":"2021-11-01T12:09:16","modified_gmt":"2021-11-01T12:09:16","slug":"mitgliedschaft","status":"publish","type":"page","link":"https:\/\/filmfrass.ch\/index.php\/mitgliedschaft\/","title":{"rendered":"Mitgliedschaft"},"content":{"rendered":"\n<h2 class=\"wp-block-heading\">Werde jetzt Filmfrass-Mitglied und profitiere!<\/h2>\n\n\n\n<div class=\"wp-block-group\"><div class=\"wp-block-group__inner-container is-layout-flow wp-block-group-is-layout-flow\">\n<figure class=\"wp-block-image size-large is-resized\"><img decoding=\"async\" src=\"https:\/\/filmfrass.ch\/wp-content\/uploads\/2021\/07\/discount.png\" alt=\"\" class=\"wp-image-23\" width=\"128\" height=\"128\" srcset=\"https:\/\/filmfrass.ch\/wp-content\/uploads\/2021\/07\/discount.png 512w, https:\/\/filmfrass.ch\/wp-content\/uploads\/2021\/07\/discount-300x300.png 300w, https:\/\/filmfrass.ch\/wp-content\/uploads\/2021\/07\/discount-150x150.png 150w\" sizes=\"(max-width: 128px) 100vw, 128px\" \/><figcaption>Ein Rabatt f\u00fcr alle Vorstellungen<\/figcaption><\/figure>\n\n\n\n<figure class=\"wp-block-image size-large is-resized\"><img decoding=\"async\" src=\"https:\/\/filmfrass.ch\/wp-content\/uploads\/2021\/07\/vip-card.png\" alt=\"\" class=\"wp-image-24\" width=\"128\" height=\"128\" srcset=\"https:\/\/filmfrass.ch\/wp-content\/uploads\/2021\/07\/vip-card.png 512w, https:\/\/filmfrass.ch\/wp-content\/uploads\/2021\/07\/vip-card-300x300.png 300w, https:\/\/filmfrass.ch\/wp-content\/uploads\/2021\/07\/vip-card-150x150.png 150w\" sizes=\"(max-width: 128px) 100vw, 128px\" \/><figcaption>Du erh\u00e4ltst Einladungen f\u00fcr &#8222;Mitglieder-Only&#8220; Events!<\/figcaption><\/figure>\n\n\n\n<figure class=\"wp-block-image size-large is-resized\"><img decoding=\"async\" src=\"https:\/\/filmfrass.ch\/wp-content\/uploads\/2021\/07\/group.png\" alt=\"\" class=\"wp-image-25\" width=\"128\" height=\"128\" srcset=\"https:\/\/filmfrass.ch\/wp-content\/uploads\/2021\/07\/group.png 512w, https:\/\/filmfrass.ch\/wp-content\/uploads\/2021\/07\/group-300x300.png 300w, https:\/\/filmfrass.ch\/wp-content\/uploads\/2021\/07\/group-150x150.png 150w\" sizes=\"(max-width: 128px) 100vw, 128px\" \/><figcaption>Du geh\u00f6rst zur Filmfrass-Familie und unterst\u00fctzt uns!<\/figcaption><\/figure>\n<\/div><\/div>\n\n\n\n<div class=\"wp-block-group\"><div class=\"wp-block-group__inner-container is-layout-flow wp-block-group-is-layout-flow\">\n<h3 class=\"has-text-align-center wp-block-heading\">Einzelmitglied\/ nat\u00fcrliche Personen<\/h3>\n\n\n\n<h3 class=\"has-text-align-center h3-big wp-block-heading\">50.-<\/h3>\n\n\n\n<h4 class=\"has-text-align-center wp-block-heading\">pro Jahr<\/h4>\n\n\n\n<h3 class=\"has-text-align-center wp-block-heading\"><br>Firmenmitglieder\/ juristische Personen<\/h3>\n\n\n\n<h4 class=\"has-text-align-center wp-block-heading\">Mit 5 \u00fcbertragbaren Eintritten zu allen Anl\u00e4ssen pro Gesch\u00e4ftsjahr: CHF 600.-<\/h4>\n\n\n\n<h4 class=\"has-text-align-center wp-block-heading\">Mit 10 \u00fcbertragbaren Eintritten zu allen Anl\u00e4ssen pro Gesch\u00e4ftsjahr: CHF 1200.-<\/h4>\n\n\n\n<h4 class=\"has-text-align-center wp-block-heading\">Pro weitere 5 Eintritte zu Anl\u00e4ssen pro Gesch\u00e4ftsjahr: CHF 600.- zus\u00e4tzlich<\/h4>\n\n\n\n<p class=\"has-text-align-center\">Bitte bei Firmenmitgliedschaften die Anzahl \u00fcbertragbare Eintritte im Bemerkungsfeld eintragen.<\/p>\n\n\n\n<div class=\"wp-block-buttons is-layout-flex wp-block-buttons-is-layout-flex\">\n<div class=\"wp-block-button\"><a class=\"wp-block-button__link\" href=\"\/index.php\/mitglied-werden\/\">Mitglied werden<\/a><\/div>\n<\/div>\n\n\n\n<div style=\"height:100px\" aria-hidden=\"true\" class=\"wp-block-spacer\"><\/div>\n\n\n\n<h3 class=\"has-text-align-center wp-block-heading\">Statuten gleich hier unten:<\/h3>\n<\/div><\/div>\n\n\n\n<div data-wp-interactive=\"core\/file\" class=\"wp-block-file\"><object data-wp-bind--hidden=\"!state.hasPdfPreview\" hidden class=\"wp-block-file__embed\" data=\"https:\/\/filmfrass.ch\/wp-content\/uploads\/2021\/07\/Statuten-Verein-Filmfrass.pdf\" type=\"application\/pdf\" style=\"width:100%;height:600px\" aria-label=\"Einbettung von Einbettung von Statuten-Verein-Filmfrass..\"><\/object><a href=\"https:\/\/filmfrass.ch\/wp-content\/uploads\/2021\/07\/Statuten-Verein-Filmfrass.pdf\">Statuten-Verein-Filmfrass<\/a><a href=\"https:\/\/filmfrass.ch\/wp-content\/uploads\/2021\/07\/Statuten-Verein-Filmfrass.pdf\" class=\"wp-block-file__button\" download>Herunterladen<\/a><\/div>\n","protected":false},"excerpt":{"rendered":"<p>Werde jetzt Filmfrass-Mitglied und profitiere! Einzelmitglied\/ nat\u00fcrliche Personen 50.- pro Jahr Firmenmitglieder\/ juristische Personen Mit 5 \u00fcbertragbaren Eintritten zu allen Anl\u00e4ssen pro Gesch\u00e4ftsjahr: CHF 600.- Mit 10 \u00fcbertragbaren Eintritten zu allen Anl\u00e4ssen pro Gesch\u00e4ftsjahr: CHF 1200.- Pro weitere 5 Eintritte zu Anl\u00e4ssen pro Gesch\u00e4ftsjahr: CHF 600.- zus\u00e4tzlich Bitte bei Firmenmitgliedschaften die Anzahl \u00fcbertragbare Eintritte im [&hellip;]<\/p>\n","protected":false},"author":2,"featured_media":0,"parent":0,"menu_order":0,"comment_status":"closed","ping_status":"closed","template":"","meta":{"_acf_changed":false,"content-type":"","footnotes":""},"class_list":["post-22","page","type-page","status-publish","hentry"],"acf":[],"_links":{"self":[{"href":"https:\/\/filmfrass.ch\/index.php\/wp-json\/wp\/v2\/pages\/22","targetHints":{"allow":["GET"]}}],"collection":[{"href":"https:\/\/filmfrass.ch\/index.php\/wp-json\/wp\/v2\/pages"}],"about":[{"href":"https:\/\/filmfrass.ch\/index.php\/wp-json\/wp\/v2\/types\/page"}],"author":[{"embeddable":true,"href":"https:\/\/filmfrass.ch\/index.php\/wp-json\/wp\/v2\/users\/2"}],"replies":[{"embeddable":true,"href":"https:\/\/filmfrass.ch\/index.php\/wp-json\/wp\/v2\/comments?post=22"}],"version-history":[{"count":15,"href":"https:\/\/filmfrass.ch\/index.php\/wp-json\/wp\/v2\/pages\/22\/revisions"}],"predecessor-version":[{"id":347,"href":"https:\/\/filmfrass.ch\/index.php\/wp-json\/wp\/v2\/pages\/22\/revisions\/347"}],"wp:attachment":[{"href":"https:\/\/filmfrass.ch\/index.php\/wp-json\/wp\/v2\/media?parent=22"}],"curies":[{"name":"wp","href":"https:\/\/api.w.org\/{rel}","templated":true}]}}